{"id":177,"date":"2024-05-02T10:11:33","date_gmt":"2024-05-02T10:11:33","guid":{"rendered":"https:\/\/irenebanosruiz.com\/?page_id=177"},"modified":"2025-12-19T03:15:34","modified_gmt":"2025-12-19T03:15:34","slug":"accesibilidad","status":"publish","type":"page","link":"https:\/\/irenebanosruiz.com\/en\/accesibilidad\/","title":{"rendered":"Accessibility"},"content":{"rendered":"<p>[et_pb_section fb_built=\u00bb1&#8243; _builder_version=\u00bb4.25.0&#8243; _module_preset=\u00bbdefault\u00bb global_colors_info=\u00bb{}\u00bb][et_pb_row _builder_version=\u00bb4.25.0&#8243; _module_preset=\u00bbdefault\u00bb custom_padding=\u00bb||27px|||\u00bb global_colors_info=\u00bb{}\u00bb][et_pb_column type=\u00bb4_4&#8243; _builder_version=\u00bb4.25.0&#8243; _module_preset=\u00bbdefault\u00bb global_colors_info=\u00bb{}\u00bb][et_pb_post_title meta=\u00bboff\u00bb featured_image=\u00bboff\u00bb _builder_version=\u00bb4.25.0&#8243; _module_preset=\u00bbdefault\u00bb global_colors_info=\u00bb{}\u00bb][\/et_pb_post_title][et_pb_text _builder_version=\u00bb4.25.0&#8243; _module_preset=\u00bbdefault\u00bb global_colors_info=\u00bb{}\u00bb]<\/p>\n<p>La accesibilidad web se refiere a la pr\u00e1ctica de hacer sitios web accesibles a todos los usuarios, independientemente de sus capacidades f\u00edsicas, mentales, tecnol\u00f3gicas y culturales. Los sitios web deben estar dise\u00f1ados tambi\u00e9n para que personas con cualquier tipo de discapacidad puedan acceder, leer y usar su contenido. \u00bfC\u00f3mo lo conseguimos? Combinando elementos de programaci\u00f3n, etiquetado de contenido y estilos de dise\u00f1o. Gracias a eso conseguimos una personalizaci\u00f3n de la experiencia del usuario.<\/p>\n<p>Nos comprometemos a ofrecer una web accesible para todos. Hemos seguido todas las recomendaciones de la Web Content Accessibility Guidelines (WCAG) 2.0 y hemos logrado el nivel de cumplimiento con doble AA.<\/p>\n<p>Hemos dise\u00f1ado esta p\u00e1gina web para que sea f\u00e1cil de usar para todos los usuarios. Hemos seguido los principios de dise\u00f1o universal para proporcionar una experiencia de usuario satisfactoria para todos e implementado una variedad de medidas para garantizar que la informaci\u00f3n sea accesible para todos. Por \u00faltimo, para verificar estas condiciones hemos testeado la web con Tawdis o con la extensi\u00f3n Wave Evaluation tool<\/p>\n<p>[\/et_pb_text][\/et_pb_column][\/et_pb_row][\/et_pb_section]<\/p>\n","protected":false},"excerpt":{"rendered":"<p>La accesibilidad web se refiere a la pr\u00e1ctica de hacer sitios web accesibles a todos los usuarios, independientemente de sus capacidades f\u00edsicas, mentales, tecnol\u00f3gicas y culturales. Los sitios web deben estar dise\u00f1ados tambi\u00e9n para que personas con cualquier tipo de discapacidad puedan acceder, leer y usar su contenido. \u00bfC\u00f3mo lo conseguimos? Combinando elementos de programaci\u00f3n, [&hellip;]<\/p>\n","protected":false},"author":2,"featured_media":0,"parent":0,"menu_order":0,"comment_status":"closed","ping_status":"closed","template":"","meta":{"_et_pb_use_builder":"on","_et_pb_old_content":"","_et_gb_content_width":"","footnotes":""},"class_list":["post-177","page","type-page","status-publish","hentry"],"yoast_head":"<!-- This site is optimized with the Yoast SEO plugin v27.3 - https:\/\/yoast.com\/product\/yoast-seo-wordpress\/ -->\n<title>Accesibilidad - Irene Ba\u00f1os Ruiz<\/title>\n<meta name=\"robots\" content=\"index, follow, max-snippet:-1, max-image-preview:large, max-video-preview:-1\" \/>\n<link rel=\"canonical\" href=\"https:\/\/irenebanosruiz.com\/en\/accesibilidad\/\" \/>\n<meta property=\"og:locale\" content=\"en_GB\" \/>\n<meta property=\"og:type\" content=\"article\" \/>\n<meta property=\"og:title\" content=\"Accesibilidad - Irene Ba\u00f1os Ruiz\" \/>\n<meta property=\"og:description\" content=\"La accesibilidad web se refiere a la pr\u00e1ctica de hacer sitios web accesibles a todos los usuarios, independientemente de sus capacidades f\u00edsicas, mentales, tecnol\u00f3gicas y culturales. Los sitios web deben estar dise\u00f1ados tambi\u00e9n para que personas con cualquier tipo de discapacidad puedan acceder, leer y usar su contenido. \u00bfC\u00f3mo lo conseguimos? Combinando elementos de programaci\u00f3n, [&hellip;]\" \/>\n<meta property=\"og:url\" content=\"https:\/\/irenebanosruiz.com\/en\/accesibilidad\/\" \/>\n<meta property=\"og:site_name\" content=\"Irene Ba\u00f1os Ruiz\" \/>\n<meta property=\"article:modified_time\" content=\"2025-12-19T03:15:34+00:00\" \/>\n<meta name=\"twitter:card\" content=\"summary_large_image\" \/>\n<script type=\"application\/ld+json\" class=\"yoast-schema-graph\">{\"@context\":\"https:\\\/\\\/schema.org\",\"@graph\":[{\"@type\":\"WebPage\",\"@id\":\"https:\\\/\\\/irenebanosruiz.com\\\/accesibilidad\\\/\",\"url\":\"https:\\\/\\\/irenebanosruiz.com\\\/accesibilidad\\\/\",\"name\":\"Accesibilidad - Irene Ba\u00f1os Ruiz\",\"isPartOf\":{\"@id\":\"https:\\\/\\\/irenebanosruiz.com\\\/#website\"},\"datePublished\":\"2024-05-02T10:11:33+00:00\",\"dateModified\":\"2025-12-19T03:15:34+00:00\",\"breadcrumb\":{\"@id\":\"https:\\\/\\\/irenebanosruiz.com\\\/accesibilidad\\\/#breadcrumb\"},\"inLanguage\":\"en-GB\",\"potentialAction\":[{\"@type\":\"ReadAction\",\"target\":[\"https:\\\/\\\/irenebanosruiz.com\\\/accesibilidad\\\/\"]}]},{\"@type\":\"BreadcrumbList\",\"@id\":\"https:\\\/\\\/irenebanosruiz.com\\\/accesibilidad\\\/#breadcrumb\",\"itemListElement\":[{\"@type\":\"ListItem\",\"position\":1,\"name\":\"Portada\",\"item\":\"https:\\\/\\\/irenebanosruiz.com\\\/\"},{\"@type\":\"ListItem\",\"position\":2,\"name\":\"Accesibilidad\"}]},{\"@type\":\"WebSite\",\"@id\":\"https:\\\/\\\/irenebanosruiz.com\\\/#website\",\"url\":\"https:\\\/\\\/irenebanosruiz.com\\\/\",\"name\":\"Irene Ba\u00f1os Ruiz\",\"description\":\"\",\"potentialAction\":[{\"@type\":\"SearchAction\",\"target\":{\"@type\":\"EntryPoint\",\"urlTemplate\":\"https:\\\/\\\/irenebanosruiz.com\\\/?s={search_term_string}\"},\"query-input\":{\"@type\":\"PropertyValueSpecification\",\"valueRequired\":true,\"valueName\":\"search_term_string\"}}],\"inLanguage\":\"en-GB\"}]}<\/script>\n<!-- \/ Yoast SEO plugin. -->","yoast_head_json":{"title":"Accesibilidad - Irene Ba\u00f1os Ruiz","robots":{"index":"index","follow":"follow","max-snippet":"max-snippet:-1","max-image-preview":"max-image-preview:large","max-video-preview":"max-video-preview:-1"},"canonical":"https:\/\/irenebanosruiz.com\/en\/accesibilidad\/","og_locale":"en_GB","og_type":"article","og_title":"Accesibilidad - Irene Ba\u00f1os Ruiz","og_description":"La accesibilidad web se refiere a la pr\u00e1ctica de hacer sitios web accesibles a todos los usuarios, independientemente de sus capacidades f\u00edsicas, mentales, tecnol\u00f3gicas y culturales. Los sitios web deben estar dise\u00f1ados tambi\u00e9n para que personas con cualquier tipo de discapacidad puedan acceder, leer y usar su contenido. \u00bfC\u00f3mo lo conseguimos? Combinando elementos de programaci\u00f3n, [&hellip;]","og_url":"https:\/\/irenebanosruiz.com\/en\/accesibilidad\/","og_site_name":"Irene Ba\u00f1os Ruiz","article_modified_time":"2025-12-19T03:15:34+00:00","twitter_card":"summary_large_image","schema":{"@context":"https:\/\/schema.org","@graph":[{"@type":"WebPage","@id":"https:\/\/irenebanosruiz.com\/accesibilidad\/","url":"https:\/\/irenebanosruiz.com\/accesibilidad\/","name":"Accesibilidad - Irene Ba\u00f1os Ruiz","isPartOf":{"@id":"https:\/\/irenebanosruiz.com\/#website"},"datePublished":"2024-05-02T10:11:33+00:00","dateModified":"2025-12-19T03:15:34+00:00","breadcrumb":{"@id":"https:\/\/irenebanosruiz.com\/accesibilidad\/#breadcrumb"},"inLanguage":"en-GB","potentialAction":[{"@type":"ReadAction","target":["https:\/\/irenebanosruiz.com\/accesibilidad\/"]}]},{"@type":"BreadcrumbList","@id":"https:\/\/irenebanosruiz.com\/accesibilidad\/#breadcrumb","itemListElement":[{"@type":"ListItem","position":1,"name":"Portada","item":"https:\/\/irenebanosruiz.com\/"},{"@type":"ListItem","position":2,"name":"Accesibilidad"}]},{"@type":"WebSite","@id":"https:\/\/irenebanosruiz.com\/#website","url":"https:\/\/irenebanosruiz.com\/","name":"Irene Ba\u00f1os Ruiz","description":"","potentialAction":[{"@type":"SearchAction","target":{"@type":"EntryPoint","urlTemplate":"https:\/\/irenebanosruiz.com\/?s={search_term_string}"},"query-input":{"@type":"PropertyValueSpecification","valueRequired":true,"valueName":"search_term_string"}}],"inLanguage":"en-GB"}]}},"_links":{"self":[{"href":"https:\/\/irenebanosruiz.com\/en\/wp-json\/wp\/v2\/pages\/177","targetHints":{"allow":["GET"]}}],"collection":[{"href":"https:\/\/irenebanosruiz.com\/en\/wp-json\/wp\/v2\/pages"}],"about":[{"href":"https:\/\/irenebanosruiz.com\/en\/wp-json\/wp\/v2\/types\/page"}],"author":[{"embeddable":true,"href":"https:\/\/irenebanosruiz.com\/en\/wp-json\/wp\/v2\/users\/2"}],"replies":[{"embeddable":true,"href":"https:\/\/irenebanosruiz.com\/en\/wp-json\/wp\/v2\/comments?post=177"}],"version-history":[{"count":4,"href":"https:\/\/irenebanosruiz.com\/en\/wp-json\/wp\/v2\/pages\/177\/revisions"}],"predecessor-version":[{"id":533,"href":"https:\/\/irenebanosruiz.com\/en\/wp-json\/wp\/v2\/pages\/177\/revisions\/533"}],"wp:attachment":[{"href":"https:\/\/irenebanosruiz.com\/en\/wp-json\/wp\/v2\/media?parent=177"}],"curies":[{"name":"wp","href":"https:\/\/api.w.org\/{rel}","templated":true}]}}