{"id":42,"date":"2024-04-15T08:54:57","date_gmt":"2024-04-15T08:54:57","guid":{"rendered":"https:\/\/irenebanosruiz.com\/?page_id=42"},"modified":"2025-12-19T04:08:19","modified_gmt":"2025-12-19T04:08:19","slug":"charlas-divulgacion-intervenciones","status":"publish","type":"page","link":"https:\/\/irenebanosruiz.com\/en\/charlas-divulgacion-intervenciones\/","title":{"rendered":"Talks \/ Outreach \/ Interventions"},"content":{"rendered":"<p>[et_pb_section fb_built=\u00bb1&#8243; admin_label=\u00bbFeatures\u00bb _builder_version=\u00bb4.25.0&#8243; custom_padding=\u00bb||0px||false|false\u00bb locked=\u00bboff\u00bb global_colors_info=\u00bb{}\u00bb][et_pb_row column_structure=\u00bb1_2,1_2&#8243; make_equal=\u00bbon\u00bb _builder_version=\u00bb4.25.0&#8243; max_width=\u00bb1200px\u00bb custom_padding=\u00bb4%|4%|4%|4%|true|true\u00bb hover_enabled=\u00bb0&#8243; border_color_all=\u00bbgcid-a66f60f1-9356-4e3a-bb37-d1c435eacc25&#8243; border_width_right=\u00bb8px\u00bb global_colors_info=\u00bb{%22gcid-a66f60f1-9356-4e3a-bb37-d1c435eacc25%22:%91%22border_color_all%22,%22border_color_left%22,%22border_color_top%22,%22border_color_right%22,%22border_color_bottom%22%93}\u00bb sticky_enabled=\u00bb0&#8243;][et_pb_column type=\u00bb1_2&#8243; _builder_version=\u00bb4.16&#8243; global_colors_info=\u00bb{}\u00bb][et_pb_image src=\u00bbhttps:\/\/irenebanosruiz.com\/wp-content\/uploads\/2024\/05\/IMG_9524.jpg\u00bb alt=\u00bbirene ba\u00f1os periodista divulgaci\u00f3n medioambiental moderaci\u00f3n eventos libros escritora\u00bb title_text=\u00bbIMG_9524&#8243; _builder_version=\u00bb4.25.1&#8243; _module_preset=\u00bbdefault\u00bb global_colors_info=\u00bb{}\u00bb][\/et_pb_image][et_pb_text _builder_version=\u00bb4.25.0&#8243; text_font_size=\u00bb16px\u00bb text_line_height=\u00bb2em\u00bb header_2_font=\u00bbHeebo|900||on|||||\u00bb header_2_text_color=\u00bb#16252D\u00bb header_2_font_size=\u00bb40px\u00bb header_2_letter_spacing=\u00bb1px\u00bb header_2_line_height=\u00bb1.3em\u00bb max_width=\u00bb800px\u00bb custom_padding=\u00bb||||false|false\u00bb custom_padding_tablet=\u00bb|||0px|false|false\u00bb custom_padding_last_edited=\u00bboff|desktop\u00bb text_font_size_tablet=\u00bb14px\u00bb text_font_size_phone=\u00bb\u00bb text_font_size_last_edited=\u00bbon|phone\u00bb header_2_font_size_tablet=\u00bb30px\u00bb header_2_font_size_phone=\u00bb24px\u00bb header_2_font_size_last_edited=\u00bbon|phone\u00bb locked=\u00bboff\u00bb global_colors_info=\u00bb{}\u00bb]<\/p>\n<p><span style=\"font-weight: 400;\">A ra\u00edz de especializarme en tem\u00e1ticas como el cambio clim\u00e1tico, la bioeconom\u00eda o la ecoansiedad, la divulgaci\u00f3n se convirti\u00f3 en parte fundamental de mi actividad. A menudo imparto charlas y participo en eventos, principalmente sobre comunicaci\u00f3n ambiental y clim\u00e1tica.\u00a0<\/span><\/p>\n<p><span style=\"font-weight: 400;\">A continuaci\u00f3n, algunos ejemplos.<\/span><\/p>\n<p>[\/et_pb_text][\/et_pb_column][et_pb_column type=\u00bb1_2&#8243; _builder_version=\u00bb4.16&#8243; global_colors_info=\u00bb{}\u00bb][et_pb_heading title=\u00bbAlgunos ejemplos\u00bb _builder_version=\u00bb4.25.0&#8243; _module_preset=\u00bbdefault\u00bb hover_enabled=\u00bb0&#8243; global_colors_info=\u00bb{}\u00bb sticky_enabled=\u00bb0&#8243;][\/et_pb_heading][et_pb_blurb title=\u00bbWebinar (espa\u00f1ol e ingl\u00e9s): Avoiding Burnout and Ecoanxiety, Journalism Fund, 2023&#8243; url=\u00bbhttps:\/\/www.journalismfund.eu\/avoidingburnout\u00bb image=\u00bbhttps:\/\/irenebanosruiz.com\/wp-content\/uploads\/2024\/06\/journalism-fund.jpg\u00bb icon_placement=\u00bbleft\u00bb image_icon_width=\u00bb80px\u00bb _builder_version=\u00bb4.25.1&#8243; _module_preset=\u00bbdefault\u00bb header_font_size=\u00bb14px\u00bb custom_margin=\u00bb||22px||false|false\u00bb link_option_url_new_window=\u00bbon\u00bb custom_css_free_form=\u00bbselector .et_pb_blurb_container{||    min-height: 10em;||    display: table-cell;||    vertical-align: middle;||}\u00bb locked=\u00bboff\u00bb global_colors_info=\u00bb{}\u00bb][\/et_pb_blurb][et_pb_blurb title=\u00bbCharla La Malagueta, 12 marzo 2024&#8243; url=\u00bbhttps:\/\/www.malaga.es\/noticias\/com1_prt-1\/com1_md3_cd-49677\/el-centro-cultural-la-malagueta-acoge-la-semana-que-viene-tres-ciclos-sobre-accion-climatica-filosofia-oriental-y-psicoanalisis\u00bb url_new_window=\u00bbon\u00bb image=\u00bbhttps:\/\/irenebanosruiz.com\/wp-content\/uploads\/2024\/06\/centro-cultural-malagueta.jpg\u00bb icon_placement=\u00bbleft\u00bb image_icon_width=\u00bb80px\u00bb _builder_version=\u00bb4.25.1&#8243; _module_preset=\u00bbdefault\u00bb header_font_size=\u00bb14px\u00bb custom_margin=\u00bb||22px||false|false\u00bb custom_css_free_form=\u00bbselector .et_pb_blurb_container{||    min-height: 10em;||    display: table-cell;||    vertical-align: middle;||}\u00bb locked=\u00bboff\u00bb global_colors_info=\u00bb{}\u00bb][\/et_pb_blurb][et_pb_blurb title=\u00bbII Encuentro regional de educaci\u00f3n ambiental de Castilla-La Mancha, enero 2024&#8243; url=\u00bbhttps:\/\/educacionambiental.castillalamancha.es\/noticias\/ii-encuentro-regional-de-educacion-ambiental-de-castilla-la-mancha\u00bb url_new_window=\u00bbon\u00bb image=\u00bbhttps:\/\/irenebanosruiz.com\/wp-content\/uploads\/2024\/06\/logonuevoazul_1_0.png\u00bb icon_placement=\u00bbleft\u00bb image_icon_width=\u00bb80px\u00bb _builder_version=\u00bb4.25.1&#8243; _module_preset=\u00bbdefault\u00bb header_font_size=\u00bb14px\u00bb custom_margin=\u00bb||22px||false|false\u00bb custom_css_free_form=\u00bbselector .et_pb_blurb_container{||    min-height: 10em;||    display: table-cell;||    vertical-align: middle;||}\u00bb locked=\u00bboff\u00bb global_colors_info=\u00bb{}\u00bb][\/et_pb_blurb][et_pb_blurb title=\u00bbCongreso APIA noviembre 2023&#8243; url=\u00bbhttps:\/\/www.apiaweb.org\/2023\/10\/06\/xv-congreso-nacional-de-periodismo-ambiental-el-agua-cuenta\/\u00bb url_new_window=\u00bbon\u00bb image=\u00bbhttps:\/\/irenebanosruiz.com\/wp-content\/uploads\/2024\/06\/apia.png\u00bb icon_placement=\u00bbleft\u00bb image_icon_width=\u00bb80px\u00bb _builder_version=\u00bb4.25.1&#8243; _module_preset=\u00bbdefault\u00bb header_font_size=\u00bb14px\u00bb custom_margin=\u00bb||22px||false|false\u00bb custom_css_free_form=\u00bbselector .et_pb_blurb_container{||    min-height: 10em;||    display: table-cell;||    vertical-align: middle;||}\u00bb locked=\u00bboff\u00bb global_colors_info=\u00bb{}\u00bb][\/et_pb_blurb][et_pb_blurb title=\u00bb UIK COP26: de la ecoansiedad a la acci\u00f3n clim\u00e1tica\u00bb url=\u00bbhttps:\/\/youtu.be\/yj3o6cEDMEs?feature=shared\u00bb url_new_window=\u00bbon\u00bb image=\u00bbhttps:\/\/irenebanosruiz.com\/wp-content\/uploads\/2024\/06\/news_cop26.jpg\u00bb icon_placement=\u00bbleft\u00bb image_icon_width=\u00bb80px\u00bb _builder_version=\u00bb4.25.1&#8243; _module_preset=\u00bbdefault\u00bb header_font_size=\u00bb14px\u00bb custom_margin=\u00bb||22px||false|false\u00bb custom_css_free_form=\u00bbselector .et_pb_blurb_container{||    min-height: 10em;||    display: table-cell;||    vertical-align: middle;||}\u00bb locked=\u00bboff\u00bb global_colors_info=\u00bb{}\u00bb][\/et_pb_blurb][et_pb_blurb title=\u00bbReto Clim\u00e1tico, CEDREAC 2020&#8243; url=\u00bbhttps:\/\/www.facebook.com\/watch\/?v=738473593356975&#8243; url_new_window=\u00bbon\u00bb image=\u00bbhttps:\/\/irenebanosruiz.com\/wp-content\/uploads\/2024\/06\/channels4_profile.jpg\u00bb icon_placement=\u00bbleft\u00bb image_icon_width=\u00bb80px\u00bb _builder_version=\u00bb4.25.1&#8243; _module_preset=\u00bbdefault\u00bb header_font_size=\u00bb14px\u00bb custom_margin=\u00bb||22px||false|false\u00bb custom_css_free_form=\u00bbselector .et_pb_blurb_container{||    min-height: 10em;||    display: table-cell;||    vertical-align: middle;||}\u00bb locked=\u00bboff\u00bb global_colors_info=\u00bb{}\u00bb][\/et_pb_blurb][et_pb_blurb title=\u00bbECCO 2019&#8243; url=\u00bbhttps:\/\/www.eccosite.org\/2021\/10\/06\/presentations-3\/\u00bb url_new_window=\u00bbon\u00bb image=\u00bbhttps:\/\/irenebanosruiz.com\/wp-content\/uploads\/2024\/06\/ECCO-logo-head5.png\u00bb icon_placement=\u00bbleft\u00bb image_icon_width=\u00bb80px\u00bb _builder_version=\u00bb4.25.1&#8243; _module_preset=\u00bbdefault\u00bb header_font_size=\u00bb14px\u00bb custom_margin=\u00bb||22px||false|false\u00bb custom_css_free_form=\u00bbselector .et_pb_blurb_container{||    min-height: 10em;||    display: table-cell;||    vertical-align: middle;||}\u00bb locked=\u00bboff\u00bb global_colors_info=\u00bb{}\u00bb][\/et_pb_blurb][\/et_pb_column][\/et_pb_row][\/et_pb_section][et_pb_section fb_built=\u00bb1&#8243; admin_label=\u00bbTestimonials\u00bb _builder_version=\u00bb4.27.4&#8243; background_color=\u00bbRGBA(255,255,255,0)\u00bb background_enable_image=\u00bboff\u00bb custom_padding=\u00bb0vw||8vw||false|false\u00bb global_module=\u00bb132&#8243; saved_tabs=\u00bball\u00bb locked=\u00bboff\u00bb global_colors_info=\u00bb{}\u00bb][et_pb_row column_structure=\u00bb1_2,1_2&#8243; _builder_version=\u00bb4.27.4&#8243; background_color=\u00bb#F9F5A4&#8243; max_width=\u00bb1200px\u00bb custom_padding=\u00bb80px||0px||false|false\u00bb border_color_all=\u00bb#ffffff\u00bb border_width_right=\u00bb8px\u00bb border_color_right=\u00bb#000000&#8243; border_width_bottom=\u00bb8px\u00bb border_color_bottom=\u00bb#000000&#8243; global_colors_info=\u00bb{}\u00bb][et_pb_column type=\u00bb1_2&#8243; _builder_version=\u00bb4.16&#8243; global_colors_info=\u00bb{}\u00bb][et_pb_text _builder_version=\u00bb4.25.0&#8243; text_text_color=\u00bb#000000&#8243; text_font_size=\u00bb16px\u00bb text_line_height=\u00bb2em\u00bb header_2_font=\u00bbHeebo|900||on|||||\u00bb header_2_text_color=\u00bb#16252D\u00bb header_2_font_size=\u00bb40px\u00bb header_2_letter_spacing=\u00bb1px\u00bb header_2_line_height=\u00bb1.3em\u00bb max_width=\u00bb800px\u00bb custom_padding=\u00bb||||false|false\u00bb custom_padding_tablet=\u00bb|||0px|false|false\u00bb custom_padding_last_edited=\u00bboff|desktop\u00bb text_font_size_tablet=\u00bb14px\u00bb text_font_size_phone=\u00bb\u00bb text_font_size_last_edited=\u00bbon|phone\u00bb header_2_font_size_tablet=\u00bb30px\u00bb header_2_font_size_phone=\u00bb24px\u00bb header_2_font_size_last_edited=\u00bbon|phone\u00bb locked=\u00bboff\u00bb global_colors_info=\u00bb{}\u00bb]<\/p>\n<h2>Contacto<\/h2>\n<p>irenebanosruiz@gmail.com<\/p>\n<p>[\/et_pb_text][et_pb_social_media_follow icon_color=\u00bb#000000&#8243; use_icon_font_size=\u00bbon\u00bb icon_font_size=\u00bb30px\u00bb _builder_version=\u00bb4.27.4&#8243; _module_preset=\u00bbdefault\u00bb global_colors_info=\u00bb{}\u00bb][et_pb_social_media_follow_network social_network=\u00bblinkedin\u00bb url=\u00bbhttps:\/\/www.linkedin.com\/in\/irene-banos-ruiz\/\u00bb _builder_version=\u00bb4.27.4&#8243; _module_preset=\u00bbdefault\u00bb background_color=\u00bb#007bb6&#8243; global_colors_info=\u00bb{}\u00bb follow_button=\u00bboff\u00bb url_new_window=\u00bbon\u00bb]linkedin[\/et_pb_social_media_follow_network][et_pb_social_media_follow_network social_network=\u00bbinstagram\u00bb url=\u00bbhttps:\/\/www.instagram.com\/irenebanosruiz\/\u00bb _builder_version=\u00bb4.27.4&#8243; _module_preset=\u00bbdefault\u00bb background_color=\u00bb#DF52FF\u00bb background_enable_color=\u00bbon\u00bb background_last_edited=\u00bbon|desktop\u00bb global_colors_info=\u00bb{}\u00bb follow_button=\u00bboff\u00bb url_new_window=\u00bbon\u00bb]instagram[\/et_pb_social_media_follow_network][et_pb_social_media_follow_network social_network=\u00bbtwitter\u00bb url=\u00bbhttps:\/\/x.com\/IreneBanosR\u00bb _builder_version=\u00bb4.27.4&#8243; _module_preset=\u00bbdefault\u00bb background_color=\u00bb#0038F0&#8243; background_enable_color=\u00bbon\u00bb global_colors_info=\u00bb{}\u00bb follow_button=\u00bboff\u00bb url_new_window=\u00bbon\u00bb]twitter[\/et_pb_social_media_follow_network][\/et_pb_social_media_follow][\/et_pb_column][et_pb_column type=\u00bb1_2&#8243; _builder_version=\u00bb4.16&#8243; global_colors_info=\u00bb{}\u00bb][et_pb_contact_form captcha=\u00bboff\u00bb email=\u00bboshito.audiovisual@gmail.com,irenebanosruiz@gmail.com\u00bb _builder_version=\u00bb4.27.4&#8243; _module_preset=\u00bbdefault\u00bb _unique_id=\u00bb76c3e4fb-ef27-40ee-8e44-539b7afd45dc\u00bb form_field_background_color=\u00bb#FFFFFF\u00bb form_field_text_color=\u00bb#000000&#8243; form_field_custom_padding=\u00bb10px|10px|10px|10px|true|true\u00bb form_field_font_size=\u00bb12px\u00bb background_enable_color=\u00bboff\u00bb custom_button=\u00bbon\u00bb button_text_size=\u00bb14px\u00bb button_text_color=\u00bb#FFFFFF\u00bb button_bg_color=\u00bb#000000&#8243; button_border_width=\u00bb0px\u00bb custom_padding=\u00bb30px|30px|30px|30px|true|true\u00bb border_radii=\u00bbon|5px|5px|5px|5px\u00bb global_colors_info=\u00bb{}\u00bb][et_pb_contact_field field_id=\u00bbName\u00bb field_title=\u00bbNombre\u00bb _builder_version=\u00bb4.16&#8243; global_colors_info=\u00bb{}\u00bb button_text_size__hover_enabled=\u00bboff\u00bb button_one_text_size__hover_enabled=\u00bboff\u00bb button_two_text_size__hover_enabled=\u00bboff\u00bb button_text_color__hover_enabled=\u00bboff\u00bb button_one_text_color__hover_enabled=\u00bboff\u00bb button_two_text_color__hover_enabled=\u00bboff\u00bb button_border_width__hover_enabled=\u00bboff\u00bb button_one_border_width__hover_enabled=\u00bboff\u00bb button_two_border_width__hover_enabled=\u00bboff\u00bb button_border_color__hover_enabled=\u00bboff\u00bb button_one_border_color__hover_enabled=\u00bboff\u00bb button_two_border_color__hover_enabled=\u00bboff\u00bb button_border_radius__hover_enabled=\u00bboff\u00bb button_one_border_radius__hover_enabled=\u00bboff\u00bb button_two_border_radius__hover_enabled=\u00bboff\u00bb button_letter_spacing__hover_enabled=\u00bboff\u00bb button_one_letter_spacing__hover_enabled=\u00bboff\u00bb button_two_letter_spacing__hover_enabled=\u00bboff\u00bb button_bg_color__hover_enabled=\u00bboff\u00bb button_one_bg_color__hover_enabled=\u00bboff\u00bb button_two_bg_color__hover_enabled=\u00bboff\u00bb][\/et_pb_contact_field][et_pb_contact_field field_id=\u00bbEmail\u00bb field_title=\u00bbDirecci\u00f3n de correo electr\u00f3nico\u00bb field_type=\u00bbemail\u00bb _builder_version=\u00bb4.16&#8243; global_colors_info=\u00bb{}\u00bb button_text_size__hover_enabled=\u00bboff\u00bb button_one_text_size__hover_enabled=\u00bboff\u00bb button_two_text_size__hover_enabled=\u00bboff\u00bb button_text_color__hover_enabled=\u00bboff\u00bb button_one_text_color__hover_enabled=\u00bboff\u00bb button_two_text_color__hover_enabled=\u00bboff\u00bb button_border_width__hover_enabled=\u00bboff\u00bb button_one_border_width__hover_enabled=\u00bboff\u00bb button_two_border_width__hover_enabled=\u00bboff\u00bb button_border_color__hover_enabled=\u00bboff\u00bb button_one_border_color__hover_enabled=\u00bboff\u00bb button_two_border_color__hover_enabled=\u00bboff\u00bb button_border_radius__hover_enabled=\u00bboff\u00bb button_one_border_radius__hover_enabled=\u00bboff\u00bb button_two_border_radius__hover_enabled=\u00bboff\u00bb button_letter_spacing__hover_enabled=\u00bboff\u00bb button_one_letter_spacing__hover_enabled=\u00bboff\u00bb button_two_letter_spacing__hover_enabled=\u00bboff\u00bb button_bg_color__hover_enabled=\u00bboff\u00bb button_one_bg_color__hover_enabled=\u00bboff\u00bb button_two_bg_color__hover_enabled=\u00bboff\u00bb][\/et_pb_contact_field][et_pb_contact_field field_id=\u00bbMessage\u00bb field_title=\u00bbMensaje\u00bb field_type=\u00bbtext\u00bb fullwidth_field=\u00bbon\u00bb _builder_version=\u00bb4.16&#8243; global_colors_info=\u00bb{}\u00bb button_text_size__hover_enabled=\u00bboff\u00bb button_one_text_size__hover_enabled=\u00bboff\u00bb button_two_text_size__hover_enabled=\u00bboff\u00bb button_text_color__hover_enabled=\u00bboff\u00bb button_one_text_color__hover_enabled=\u00bboff\u00bb button_two_text_color__hover_enabled=\u00bboff\u00bb button_border_width__hover_enabled=\u00bboff\u00bb button_one_border_width__hover_enabled=\u00bboff\u00bb button_two_border_width__hover_enabled=\u00bboff\u00bb button_border_color__hover_enabled=\u00bboff\u00bb button_one_border_color__hover_enabled=\u00bboff\u00bb button_two_border_color__hover_enabled=\u00bboff\u00bb button_border_radius__hover_enabled=\u00bboff\u00bb button_one_border_radius__hover_enabled=\u00bboff\u00bb button_two_border_radius__hover_enabled=\u00bboff\u00bb button_letter_spacing__hover_enabled=\u00bboff\u00bb button_one_letter_spacing__hover_enabled=\u00bboff\u00bb button_two_letter_spacing__hover_enabled=\u00bboff\u00bb button_bg_color__hover_enabled=\u00bboff\u00bb button_one_bg_color__hover_enabled=\u00bboff\u00bb button_two_bg_color__hover_enabled=\u00bboff\u00bb][\/et_pb_contact_field][\/et_pb_contact_form][\/et_pb_column][\/et_pb_row][\/et_pb_section]<\/p>\n","protected":false},"excerpt":{"rendered":"<p>A ra\u00edz de especializarme en tem\u00e1ticas como el cambio clim\u00e1tico, la bioeconom\u00eda o la ecoansiedad, la divulgaci\u00f3n se convirti\u00f3 en parte fundamental de mi actividad. A menudo imparto charlas y participo en eventos, principalmente sobre comunicaci\u00f3n ambiental y clim\u00e1tica.\u00a0 A continuaci\u00f3n, algunos ejemplos.Contacto irenebanosruiz@gmail.com<\/p>","protected":false},"author":2,"featured_media":0,"parent":0,"menu_order":0,"comment_status":"closed","ping_status":"closed","template":"","meta":{"_et_pb_use_builder":"on","_et_pb_old_content":"<!-- wp:divi\/placeholder \/-->","_et_gb_content_width":"","footnotes":""},"class_list":["post-42","page","type-page","status-publish","hentry"],"yoast_head":"<!-- This site is optimized with the Yoast SEO plugin v27.3 - https:\/\/yoast.com\/product\/yoast-seo-wordpress\/ -->\n<title>Charlas \/ Divulgaci\u00f3n \/ Intervenciones - Irene Ba\u00f1os Ruiz<\/title>\n<meta name=\"robots\" content=\"index, follow, max-snippet:-1, max-image-preview:large, max-video-preview:-1\" \/>\n<link rel=\"canonical\" href=\"https:\/\/irenebanosruiz.com\/en\/charlas-divulgacion-intervenciones\/\" \/>\n<meta property=\"og:locale\" content=\"en_GB\" \/>\n<meta property=\"og:type\" content=\"article\" \/>\n<meta property=\"og:title\" content=\"Charlas \/ Divulgaci\u00f3n \/ Intervenciones - Irene Ba\u00f1os Ruiz\" \/>\n<meta property=\"og:description\" content=\"A ra\u00edz de especializarme en tem\u00e1ticas como el cambio clim\u00e1tico, la bioeconom\u00eda o la ecoansiedad, la divulgaci\u00f3n se convirti\u00f3 en parte fundamental de mi actividad. A menudo imparto charlas y participo en eventos, principalmente sobre comunicaci\u00f3n ambiental y clim\u00e1tica.\u00a0 A continuaci\u00f3n, algunos ejemplos.Contacto irenebanosruiz@gmail.com\" \/>\n<meta property=\"og:url\" content=\"https:\/\/irenebanosruiz.com\/en\/charlas-divulgacion-intervenciones\/\" \/>\n<meta property=\"og:site_name\" content=\"Irene Ba\u00f1os Ruiz\" \/>\n<meta property=\"article:modified_time\" content=\"2025-12-19T04:08:19+00:00\" \/>\n<meta name=\"twitter:card\" content=\"summary_large_image\" \/>\n<script type=\"application\/ld+json\" class=\"yoast-schema-graph\">{\"@context\":\"https:\\\/\\\/schema.org\",\"@graph\":[{\"@type\":\"WebPage\",\"@id\":\"https:\\\/\\\/irenebanosruiz.com\\\/charlas-divulgacion-intervenciones\\\/\",\"url\":\"https:\\\/\\\/irenebanosruiz.com\\\/charlas-divulgacion-intervenciones\\\/\",\"name\":\"Charlas \\\/ Divulgaci\u00f3n \\\/ Intervenciones - Irene Ba\u00f1os Ruiz\",\"isPartOf\":{\"@id\":\"https:\\\/\\\/irenebanosruiz.com\\\/#website\"},\"datePublished\":\"2024-04-15T08:54:57+00:00\",\"dateModified\":\"2025-12-19T04:08:19+00:00\",\"breadcrumb\":{\"@id\":\"https:\\\/\\\/irenebanosruiz.com\\\/charlas-divulgacion-intervenciones\\\/#breadcrumb\"},\"inLanguage\":\"en-GB\",\"potentialAction\":[{\"@type\":\"ReadAction\",\"target\":[\"https:\\\/\\\/irenebanosruiz.com\\\/charlas-divulgacion-intervenciones\\\/\"]}]},{\"@type\":\"BreadcrumbList\",\"@id\":\"https:\\\/\\\/irenebanosruiz.com\\\/charlas-divulgacion-intervenciones\\\/#breadcrumb\",\"itemListElement\":[{\"@type\":\"ListItem\",\"position\":1,\"name\":\"Portada\",\"item\":\"https:\\\/\\\/irenebanosruiz.com\\\/\"},{\"@type\":\"ListItem\",\"position\":2,\"name\":\"Charlas \\\/ Divulgaci\u00f3n \\\/ Intervenciones\"}]},{\"@type\":\"WebSite\",\"@id\":\"https:\\\/\\\/irenebanosruiz.com\\\/#website\",\"url\":\"https:\\\/\\\/irenebanosruiz.com\\\/\",\"name\":\"Irene Ba\u00f1os Ruiz\",\"description\":\"\",\"potentialAction\":[{\"@type\":\"SearchAction\",\"target\":{\"@type\":\"EntryPoint\",\"urlTemplate\":\"https:\\\/\\\/irenebanosruiz.com\\\/?s={search_term_string}\"},\"query-input\":{\"@type\":\"PropertyValueSpecification\",\"valueRequired\":true,\"valueName\":\"search_term_string\"}}],\"inLanguage\":\"en-GB\"}]}<\/script>\n<!-- \/ Yoast SEO plugin. -->","yoast_head_json":{"title":"Charlas \/ Divulgaci\u00f3n \/ Intervenciones - Irene Ba\u00f1os Ruiz","robots":{"index":"index","follow":"follow","max-snippet":"max-snippet:-1","max-image-preview":"max-image-preview:large","max-video-preview":"max-video-preview:-1"},"canonical":"https:\/\/irenebanosruiz.com\/en\/charlas-divulgacion-intervenciones\/","og_locale":"en_GB","og_type":"article","og_title":"Charlas \/ Divulgaci\u00f3n \/ Intervenciones - Irene Ba\u00f1os Ruiz","og_description":"A ra\u00edz de especializarme en tem\u00e1ticas como el cambio clim\u00e1tico, la bioeconom\u00eda o la ecoansiedad, la divulgaci\u00f3n se convirti\u00f3 en parte fundamental de mi actividad. A menudo imparto charlas y participo en eventos, principalmente sobre comunicaci\u00f3n ambiental y clim\u00e1tica.\u00a0 A continuaci\u00f3n, algunos ejemplos.Contacto irenebanosruiz@gmail.com","og_url":"https:\/\/irenebanosruiz.com\/en\/charlas-divulgacion-intervenciones\/","og_site_name":"Irene Ba\u00f1os Ruiz","article_modified_time":"2025-12-19T04:08:19+00:00","twitter_card":"summary_large_image","schema":{"@context":"https:\/\/schema.org","@graph":[{"@type":"WebPage","@id":"https:\/\/irenebanosruiz.com\/charlas-divulgacion-intervenciones\/","url":"https:\/\/irenebanosruiz.com\/charlas-divulgacion-intervenciones\/","name":"Charlas \/ Divulgaci\u00f3n \/ Intervenciones - Irene Ba\u00f1os Ruiz","isPartOf":{"@id":"https:\/\/irenebanosruiz.com\/#website"},"datePublished":"2024-04-15T08:54:57+00:00","dateModified":"2025-12-19T04:08:19+00:00","breadcrumb":{"@id":"https:\/\/irenebanosruiz.com\/charlas-divulgacion-intervenciones\/#breadcrumb"},"inLanguage":"en-GB","potentialAction":[{"@type":"ReadAction","target":["https:\/\/irenebanosruiz.com\/charlas-divulgacion-intervenciones\/"]}]},{"@type":"BreadcrumbList","@id":"https:\/\/irenebanosruiz.com\/charlas-divulgacion-intervenciones\/#breadcrumb","itemListElement":[{"@type":"ListItem","position":1,"name":"Portada","item":"https:\/\/irenebanosruiz.com\/"},{"@type":"ListItem","position":2,"name":"Charlas \/ Divulgaci\u00f3n \/ Intervenciones"}]},{"@type":"WebSite","@id":"https:\/\/irenebanosruiz.com\/#website","url":"https:\/\/irenebanosruiz.com\/","name":"Irene Ba\u00f1os Ruiz","description":"","potentialAction":[{"@type":"SearchAction","target":{"@type":"EntryPoint","urlTemplate":"https:\/\/irenebanosruiz.com\/?s={search_term_string}"},"query-input":{"@type":"PropertyValueSpecification","valueRequired":true,"valueName":"search_term_string"}}],"inLanguage":"en-GB"}]}},"_links":{"self":[{"href":"https:\/\/irenebanosruiz.com\/en\/wp-json\/wp\/v2\/pages\/42","targetHints":{"allow":["GET"]}}],"collection":[{"href":"https:\/\/irenebanosruiz.com\/en\/wp-json\/wp\/v2\/pages"}],"about":[{"href":"https:\/\/irenebanosruiz.com\/en\/wp-json\/wp\/v2\/types\/page"}],"author":[{"embeddable":true,"href":"https:\/\/irenebanosruiz.com\/en\/wp-json\/wp\/v2\/users\/2"}],"replies":[{"embeddable":true,"href":"https:\/\/irenebanosruiz.com\/en\/wp-json\/wp\/v2\/comments?post=42"}],"version-history":[{"count":28,"href":"https:\/\/irenebanosruiz.com\/en\/wp-json\/wp\/v2\/pages\/42\/revisions"}],"predecessor-version":[{"id":539,"href":"https:\/\/irenebanosruiz.com\/en\/wp-json\/wp\/v2\/pages\/42\/revisions\/539"}],"wp:attachment":[{"href":"https:\/\/irenebanosruiz.com\/en\/wp-json\/wp\/v2\/media?parent=42"}],"curies":[{"name":"wp","href":"https:\/\/api.w.org\/{rel}","templated":true}]}}